{"id":1577,"date":"2024-05-02T08:49:32","date_gmt":"2024-05-02T08:49:32","guid":{"rendered":"https:\/\/tdz.com\/es\/products\/"},"modified":"2025-07-23T07:52:56","modified_gmt":"2025-07-23T07:52:56","slug":"productos","status":"publish","type":"page","link":"https:\/\/tdz.com\/es\/productos\/","title":{"rendered":"Productos"},"content":{"rendered":"\t\t<div data-elementor-type=\"wp-page\" data-elementor-id=\"1577\" class=\"elementor elementor-1577\" data-elementor-settings=\"{&quot;element_pack_global_tooltip_width&quot;:{&quot;unit&quot;:&quot;px&quot;,&quot;size&quot;:&quot;&quot;,&quot;sizes&quot;:[]},&quot;element_pack_global_tooltip_width_tablet&quot;:{&quot;unit&quot;:&quot;px&quot;,&quot;size&quot;:&quot;&quot;,&quot;sizes&quot;:[]},&quot;element_pack_global_tooltip_width_mobile&quot;:{&quot;unit&quot;:&quot;px&quot;,&quot;size&quot;:&quot;&quot;,&quot;sizes&quot;:[]},&quot;element_pack_global_tooltip_padding&quot;:{&quot;unit&quot;:&quot;px&quot;,&quot;top&quot;:&quot;&quot;,&quot;right&quot;:&quot;&quot;,&quot;bottom&quot;:&quot;&quot;,&quot;left&quot;:&quot;&quot;,&quot;isLinked&quot;:true},&quot;element_pack_global_tooltip_padding_tablet&quot;:{&quot;unit&quot;:&quot;px&quot;,&quot;top&quot;:&quot;&quot;,&quot;right&quot;:&quot;&quot;,&quot;bottom&quot;:&quot;&quot;,&quot;left&quot;:&quot;&quot;,&quot;isLinked&quot;:true},&quot;element_pack_global_tooltip_padding_mobile&quot;:{&quot;unit&quot;:&quot;px&quot;,&quot;top&quot;:&quot;&quot;,&quot;right&quot;:&quot;&quot;,&quot;bottom&quot;:&quot;&quot;,&quot;left&quot;:&quot;&quot;,&quot;isLinked&quot;:true},&quot;element_pack_global_tooltip_border_radius&quot;:{&quot;unit&quot;:&quot;px&quot;,&quot;top&quot;:&quot;&quot;,&quot;right&quot;:&quot;&quot;,&quot;bottom&quot;:&quot;&quot;,&quot;left&quot;:&quot;&quot;,&quot;isLinked&quot;:true},&quot;element_pack_global_tooltip_border_radius_tablet&quot;:{&quot;unit&quot;:&quot;px&quot;,&quot;top&quot;:&quot;&quot;,&quot;right&quot;:&quot;&quot;,&quot;bottom&quot;:&quot;&quot;,&quot;left&quot;:&quot;&quot;,&quot;isLinked&quot;:true},&quot;element_pack_global_tooltip_border_radius_mobile&quot;:{&quot;unit&quot;:&quot;px&quot;,&quot;top&quot;:&quot;&quot;,&quot;right&quot;:&quot;&quot;,&quot;bottom&quot;:&quot;&quot;,&quot;left&quot;:&quot;&quot;,&quot;isLinked&quot;:true}}\" data-elementor-post-type=\"page\">\n\t\t\t\t<div class=\"elementor-element elementor-element-b57b249 e-flex e-con-boxed e-con e-parent\" data-id=\"b57b249\" data-element_type=\"container\" data-settings=\"{&quot;background_background&quot;:&quot;classic&quot;}\">\n\t\t\t\t\t<div class=\"e-con-inner\">\n\t\t<div class=\"elementor-element elementor-element-9d956b5 e-con-full e-flex e-con e-child\" data-id=\"9d956b5\" data-element_type=\"container\" data-settings=\"{&quot;background_background&quot;:&quot;classic&quot;}\">\n\t\t\t\t<div class=\"elementor-element elementor-element-2fe5880 elementor-widget elementor-widget-heading\" data-id=\"2fe5880\" data-element_type=\"widget\" data-widget_type=\"heading.default\">\n\t\t\t\t<div class=\"elementor-widget-container\">\n\t\t\t\t\t<h2 class=\"elementor-heading-title elementor-size-default\">PRODUCTOS<\/h2>\t\t\t\t<\/div>\n\t\t\t\t<\/div>\n\t\t\t\t<\/div>\n\t\t\t\t\t<\/div>\n\t\t\t\t<\/div>\n\t\t\t\t<section class=\"elementor-section elementor-top-section elementor-element elementor-element-jf6ae7y elementor-section-boxed elementor-section-height-default elementor-section-height-default\" data-id=\"jf6ae7y\" data-element_type=\"section\">\n\t\t\t\t\t\t<div class=\"elementor-container elementor-column-gap-no\">\n\t\t\t\t\t<div class=\"elementor-column elementor-col-100 elementor-top-column elementor-element elementor-element-730f282\" data-id=\"730f282\" data-element_type=\"column\">\n\t\t\t<div class=\"elementor-widget-wrap elementor-element-populated\">\n\t\t\t\t\t\t<section class=\"elementor-section elementor-inner-section elementor-element elementor-element-e143c16 elementor-section-content-middle elementor-section-boxed elementor-section-height-default elementor-section-height-default\" data-id=\"e143c16\" data-element_type=\"section\">\n\t\t\t\t\t\t\t<div class=\"elementor-background-overlay\"><\/div>\n\t\t\t\t\t\t\t<div class=\"elementor-container elementor-column-gap-no\">\n\t\t\t\t\t<div class=\"elementor-column elementor-col-66 elementor-inner-column elementor-element elementor-element-f75b53e\" data-id=\"f75b53e\" data-element_type=\"column\">\n\t\t\t<div class=\"elementor-widget-wrap elementor-element-populated\">\n\t\t\t\t\t\t<div class=\"elementor-element elementor-element-c6e843a elementor-widget elementor-widget-image\" data-id=\"c6e843a\" data-element_type=\"widget\" data-widget_type=\"image.default\">\n\t\t\t\t<div class=\"elementor-widget-container\">\n\t\t\t\t\t\t\t\t\t\t\t\t\t\t\t<img fetchpriority=\"high\" decoding=\"async\" width=\"523\" height=\"393\" src=\"https:\/\/tdz.com\/es\/wp-content\/uploads\/2024\/05\/bomba-t6cc_print.png?v=1727126108\" class=\"attachment-full size-full wp-image-1582\" alt=\"\" srcset=\"https:\/\/tdz.com\/es\/wp-content\/uploads\/2024\/05\/bomba-t6cc_print.png?v=1727126108 523w, https:\/\/tdz.com\/es\/wp-content\/uploads\/2024\/05\/bomba-t6cc_print-300x225.png?v=1727126108 300w\" sizes=\"(max-width: 523px) 100vw, 523px\" \/>\t\t\t\t\t\t\t\t\t\t\t\t\t\t\t<\/div>\n\t\t\t\t<\/div>\n\t\t\t\t\t<\/div>\n\t\t<\/div>\n\t\t\t\t<div class=\"elementor-column elementor-col-33 elementor-inner-column elementor-element elementor-element-11d8b24\" data-id=\"11d8b24\" data-element_type=\"column\" data-settings=\"{&quot;background_background&quot;:&quot;classic&quot;}\">\n\t\t\t<div class=\"elementor-widget-wrap elementor-element-populated\">\n\t\t\t\t\t\t<div class=\"elementor-element elementor-element-152c338 elementor-widget elementor-widget-heading\" data-id=\"152c338\" data-element_type=\"widget\" data-widget_type=\"heading.default\">\n\t\t\t\t<div class=\"elementor-widget-container\">\n\t\t\t\t\t<h3 class=\"elementor-heading-title elementor-size-default\">Bombas y motores de paletas<\/h3>\t\t\t\t<\/div>\n\t\t\t\t<\/div>\n\t\t\t\t<div class=\"elementor-element elementor-element-1510382 elementor-widget-divider--view-line elementor-widget elementor-widget-divider\" data-id=\"1510382\" data-element_type=\"widget\" data-widget_type=\"divider.default\">\n\t\t\t\t<div class=\"elementor-widget-container\">\n\t\t\t\t\t\t\t<div class=\"elementor-divider\">\n\t\t\t<span class=\"elementor-divider-separator\">\n\t\t\t\t\t\t<\/span>\n\t\t<\/div>\n\t\t\t\t\t\t<\/div>\n\t\t\t\t<\/div>\n\t\t\t\t<div class=\"elementor-element elementor-element-faea71f elementor-widget elementor-widget-text-editor\" data-id=\"faea71f\" data-element_type=\"widget\" data-widget_type=\"text-editor.default\">\n\t\t\t\t<div class=\"elementor-widget-container\">\n\t\t\t\t\t\t\t\t\t<p>Las bombas y motores de paletas de TDZ se fabrican en una amplia gama de cilindradas, desde 3 c.c.\/rev. hasta 269 c.c.\/rev para bombas simples y cientos de combinaciones de caudal para bombas dobles y triples.<\/p><p>Todas las bombas de TDZ tienen una baja relaci\u00f3n potencia\/ peso, alto rendimiento, un bajo nivel sonoro y un f\u00e1cil mantenimiento.<\/p><p>Este mantenimiento sencillo se consigue gracias al propio dise\u00f1o de la bomba, en el que los componentes susceptibles de desgaste se ubican dentro de un cartucho que puede sustituirse r\u00e1pida y f\u00e1cilmente sin desconectar la bomba del motor principal.<\/p><p>Las bombas de paletas TDZ est\u00e1n equilibradas hidr\u00e1ulicamente, lo que reduce el desgaste y elimina las cargas en el interior de la bomba. La opci\u00f3n de girar el puerto de salida con respecto al de entrada proporciona flexibilidad y facilita la instalaci\u00f3n. Dependiendo de la aplicaci\u00f3n, existen dos modelos: industrial de bajo nivel sonoro y m\u00f3vil para limitar los efectos de una mayor contaminaci\u00f3n del aceite y absorber cambios bruscos de presi\u00f3n y velocidad.<\/p>\t\t\t\t\t\t\t\t<\/div>\n\t\t\t\t<\/div>\n\t\t\t\t\t<\/div>\n\t\t<\/div>\n\t\t\t\t\t<\/div>\n\t\t<\/section>\n\t\t\t\t<section class=\"elementor-section elementor-inner-section elementor-element elementor-element-1059f8f elementor-section-content-middle elementor-section-boxed elementor-section-height-default elementor-section-height-default\" data-id=\"1059f8f\" data-element_type=\"section\">\n\t\t\t\t\t\t\t<div class=\"elementor-background-overlay\"><\/div>\n\t\t\t\t\t\t\t<div class=\"elementor-container elementor-column-gap-no\">\n\t\t\t\t\t<div class=\"elementor-column elementor-col-66 elementor-inner-column elementor-element elementor-element-c20cd87\" data-id=\"c20cd87\" data-element_type=\"column\">\n\t\t\t<div class=\"elementor-widget-wrap elementor-element-populated\">\n\t\t\t\t\t\t<div class=\"elementor-element elementor-element-6c96d77 elementor-widget elementor-widget-image\" data-id=\"6c96d77\" data-element_type=\"widget\" data-widget_type=\"image.default\">\n\t\t\t\t<div class=\"elementor-widget-container\">\n\t\t\t\t\t\t\t\t\t\t\t\t\t\t\t<img decoding=\"async\" width=\"430\" height=\"430\" src=\"https:\/\/tdz.com\/es\/wp-content\/uploads\/2024\/05\/cartuchos3d-1.png?v=1722479579\" class=\"attachment-full size-full wp-image-2189\" alt=\"\" srcset=\"https:\/\/tdz.com\/es\/wp-content\/uploads\/2024\/05\/cartuchos3d-1.png?v=1722479579 430w, https:\/\/tdz.com\/es\/wp-content\/uploads\/2024\/05\/cartuchos3d-1-300x300.png?v=1722479579 300w, https:\/\/tdz.com\/es\/wp-content\/uploads\/2024\/05\/cartuchos3d-1-150x150.png?v=1722479579 150w\" sizes=\"(max-width: 430px) 100vw, 430px\" \/>\t\t\t\t\t\t\t\t\t\t\t\t\t\t\t<\/div>\n\t\t\t\t<\/div>\n\t\t\t\t\t<\/div>\n\t\t<\/div>\n\t\t\t\t<div class=\"elementor-column elementor-col-33 elementor-inner-column elementor-element elementor-element-c7485ad\" data-id=\"c7485ad\" data-element_type=\"column\" data-settings=\"{&quot;background_background&quot;:&quot;classic&quot;}\">\n\t\t\t<div class=\"elementor-widget-wrap elementor-element-populated\">\n\t\t\t\t\t\t<div class=\"elementor-element elementor-element-1851536 elementor-widget elementor-widget-heading\" data-id=\"1851536\" data-element_type=\"widget\" data-widget_type=\"heading.default\">\n\t\t\t\t<div class=\"elementor-widget-container\">\n\t\t\t\t\t<h3 class=\"elementor-heading-title elementor-size-default\">Componentes de repuesto para bombas y motores de paletas<\/h3>\t\t\t\t<\/div>\n\t\t\t\t<\/div>\n\t\t\t\t<div class=\"elementor-element elementor-element-f89a0a4 elementor-widget-divider--view-line elementor-widget elementor-widget-divider\" data-id=\"f89a0a4\" data-element_type=\"widget\" data-widget_type=\"divider.default\">\n\t\t\t\t<div class=\"elementor-widget-container\">\n\t\t\t\t\t\t\t<div class=\"elementor-divider\">\n\t\t\t<span class=\"elementor-divider-separator\">\n\t\t\t\t\t\t<\/span>\n\t\t<\/div>\n\t\t\t\t\t\t<\/div>\n\t\t\t\t<\/div>\n\t\t\t\t<div class=\"elementor-element elementor-element-3bdc53b elementor-widget elementor-widget-text-editor\" data-id=\"3bdc53b\" data-element_type=\"widget\" data-widget_type=\"text-editor.default\">\n\t\t\t\t<div class=\"elementor-widget-container\">\n\t\t\t\t\t\t\t\t\t<p>Tanto si su aplicaci\u00f3n es m\u00f3vil como industrial, TDZ tiene el kit de cartuchos o el componente que necesita. Todos nuestros elementos de reposici\u00f3n se fabrican en nuestra planta situada en Toledo, Espa\u00f1a.<\/p><p>Los componentes de repuesto son fabricados en nuestra moderna f\u00e1brica utilizando la \u00faltima tecnolog\u00eda de maquinaria. Desde la materia prima hasta el producto terminado, en TDZ nos aseguramos de que nuestras referencias cumplan o superen las especificaciones de los fabricantes de los primeros equipos. Cada componente se somete a pruebas exhaustivas y se garantiza que no presente defectos de material ni de fabricaci\u00f3n.<\/p><p>Al tener cientos de miles de art\u00edculos en stock, podemos enviarles el c\u00f3digo que necesitan el mismo d\u00eda que recibamos su pedido. Adem\u00e1s, tambi\u00e9n disponemos de una l\u00ednea completa de juntas, ejes y rodamientos para asegurarnos de que su trabajo sea correcto hasta en los m\u00e1s peque\u00f1os elementos.<\/p><p>Dado que TDZ vende \u00fanicamente piezas nuevas, nunca tendr\u00e1 que arriesgarse a utilizar bombas reconstruidas o reacondicionadas.<\/p>\t\t\t\t\t\t\t\t<\/div>\n\t\t\t\t<\/div>\n\t\t\t\t\t<\/div>\n\t\t<\/div>\n\t\t\t\t\t<\/div>\n\t\t<\/section>\n\t\t\t\t<section class=\"elementor-section elementor-inner-section elementor-element elementor-element-be5dae5 elementor-section-content-middle elementor-section-boxed elementor-section-height-default elementor-section-height-default\" data-id=\"be5dae5\" data-element_type=\"section\">\n\t\t\t\t\t\t\t<div class=\"elementor-background-overlay\"><\/div>\n\t\t\t\t\t\t\t<div class=\"elementor-container elementor-column-gap-no\">\n\t\t\t\t\t<div class=\"elementor-column elementor-col-66 elementor-inner-column elementor-element elementor-element-956409c\" data-id=\"956409c\" data-element_type=\"column\">\n\t\t\t<div class=\"elementor-widget-wrap elementor-element-populated\">\n\t\t\t\t\t\t<div class=\"elementor-element elementor-element-d1ee831 elementor-widget elementor-widget-image\" data-id=\"d1ee831\" data-element_type=\"widget\" data-widget_type=\"image.default\">\n\t\t\t\t<div class=\"elementor-widget-container\">\n\t\t\t\t\t\t\t\t\t\t\t\t\t\t\t<img decoding=\"async\" width=\"342\" height=\"393\" src=\"https:\/\/tdz.com\/es\/wp-content\/uploads\/2024\/05\/pto2_print.png?v=1722479625\" class=\"attachment-full size-full wp-image-1585\" alt=\"\" srcset=\"https:\/\/tdz.com\/es\/wp-content\/uploads\/2024\/05\/pto2_print.png?v=1722479625 342w, https:\/\/tdz.com\/es\/wp-content\/uploads\/2024\/05\/pto2_print-261x300.png?v=1722479625 261w\" sizes=\"(max-width: 342px) 100vw, 342px\" \/>\t\t\t\t\t\t\t\t\t\t\t\t\t\t\t<\/div>\n\t\t\t\t<\/div>\n\t\t\t\t\t<\/div>\n\t\t<\/div>\n\t\t\t\t<div class=\"elementor-column elementor-col-33 elementor-inner-column elementor-element elementor-element-c8e4280\" data-id=\"c8e4280\" data-element_type=\"column\" data-settings=\"{&quot;background_background&quot;:&quot;classic&quot;}\">\n\t\t\t<div class=\"elementor-widget-wrap elementor-element-populated\">\n\t\t\t\t\t\t<div class=\"elementor-element elementor-element-e78335d elementor-widget elementor-widget-heading\" data-id=\"e78335d\" data-element_type=\"widget\" data-widget_type=\"heading.default\">\n\t\t\t\t<div class=\"elementor-widget-container\">\n\t\t\t\t\t<h3 class=\"elementor-heading-title elementor-size-default\">Hidr\u00e1ulica para veh\u00edculo industrial<\/h3>\t\t\t\t<\/div>\n\t\t\t\t<\/div>\n\t\t\t\t<div class=\"elementor-element elementor-element-1b65755 elementor-widget-divider--view-line elementor-widget elementor-widget-divider\" data-id=\"1b65755\" data-element_type=\"widget\" data-widget_type=\"divider.default\">\n\t\t\t\t<div class=\"elementor-widget-container\">\n\t\t\t\t\t\t\t<div class=\"elementor-divider\">\n\t\t\t<span class=\"elementor-divider-separator\">\n\t\t\t\t\t\t<\/span>\n\t\t<\/div>\n\t\t\t\t\t\t<\/div>\n\t\t\t\t<\/div>\n\t\t\t\t<div class=\"elementor-element elementor-element-51a22ff elementor-widget elementor-widget-text-editor\" data-id=\"51a22ff\" data-element_type=\"widget\" data-widget_type=\"text-editor.default\">\n\t\t\t\t<div class=\"elementor-widget-container\">\n\t\t\t\t\t\t\t\t\t<p>TDZ-Bezares est\u00e1 especializado en suministrar equipos para el veh\u00edculo industrial. Las \u00e1reas a las que servimos son volquetes, recogida de residuos, veh\u00edculos de recogida en carretera, gr\u00faas sobre cami\u00f3n, camiones de transporte, camiones cisterna y otros.<\/p><p>Para que TDZ pueda ofrecer un paquete completo para las aplicaciones mencionadas, disponemos de un amplio stock de los siguientes productos: tomas de fuerza, bombas de engranajes de hierro fundido, bombas de pistones axiales, bombas de paletas, v\u00e1lvulas direccionales, mini centrales hidr\u00e1ulicas, controles neum\u00e1ticos&#8230;<\/p><p>Los pedidos de tomas de fuerza pueden realizarse bajo un \u00fanico n\u00famero de referencia original del fabricante de la caja de cambios o del cami\u00f3n, ya que fabricamos todas las tomas de fuerza siguiendo con exactitud las especificaciones del fabricante original. Estos son s\u00f3lo algunos de ellos: Allison, Clark, Eaton, Isuzu, Iveco, Kamaz, Mack, Mercedes, Mitsubishi, Nissan, Pegaso, Praga, Renault, Rover, Scania, Spicer, Toyota, Turner, Volkswagen, Volvo, ZF&#8230;<\/p>\t\t\t\t\t\t\t\t<\/div>\n\t\t\t\t<\/div>\n\t\t\t\t\t<\/div>\n\t\t<\/div>\n\t\t\t\t\t<\/div>\n\t\t<\/section>\n\t\t\t\t\t<\/div>\n\t\t<\/div>\n\t\t\t\t\t<\/div>\n\t\t<\/section>\n\t\t\t\t<\/div>\n\t\t","protected":false},"excerpt":{"rendered":"<p>PRODUCTOS Bombas y motores de paletas Las bombas y motores de paletas de TDZ se fabrican en una amplia gama de cilindradas, desde 3 c.c.\/rev. hasta 269 c.c.\/rev para bombas simples y cientos de combinaciones de caudal para bombas dobles y triples. Todas las bombas de TDZ tienen una baja relaci\u00f3n potencia\/ peso, alto rendimiento, [&hellip;]<\/p>\n","protected":false},"author":1,"featured_media":0,"parent":0,"menu_order":0,"comment_status":"closed","ping_status":"closed","template":"","meta":{"site-sidebar-layout":"no-sidebar","site-content-layout":"page-builder","ast-site-content-layout":"default","site-content-style":"default","site-sidebar-style":"default","ast-global-header-display":"","ast-banner-title-visibility":"","ast-main-header-display":"","ast-hfb-above-header-display":"","ast-hfb-below-header-display":"","ast-hfb-mobile-header-display":"","site-post-title":"disabled","ast-breadcrumbs-content":"","ast-featured-img":"disabled","footer-sml-layout":"","ast-disable-related-posts":"","theme-transparent-header-meta":"enabled","adv-header-id-meta":"","stick-header-meta":"","header-above-stick-meta":"","header-main-stick-meta":"","header-below-stick-meta":"","astra-migrate-meta-layouts":"default","ast-page-background-enabled":"default","ast-page-background-meta":{"desktop":{"background-color":"var(--ast-global-color-5)","background-image":"","background-repeat":"repeat","background-position":"center center","background-size":"auto","background-attachment":"scroll","background-type":"","background-media":"","overlay-type":"","overlay-color":"","overlay-opacity":"","overlay-gradient":""},"tablet":{"background-color":"","background-image":"","background-repeat":"repeat","background-position":"center center","background-size":"auto","background-attachment":"scroll","background-type":"","background-media":"","overlay-type":"","overlay-color":"","overlay-opacity":"","overlay-gradient":""},"mobile":{"background-color":"","background-image":"","background-repeat":"repeat","background-position":"center center","background-size":"auto","background-attachment":"scroll","background-type":"","background-media":"","overlay-type":"","overlay-color":"","overlay-opacity":"","overlay-gradient":""}},"ast-content-background-meta":{"desktop":{"background-color":"var(--ast-global-color-4)","background-image":"","background-repeat":"repeat","background-position":"center center","background-size":"auto","background-attachment":"scroll","background-type":"","background-media":"","overlay-type":"","overlay-color":"","overlay-opacity":"","overlay-gradient":""},"tablet":{"background-color":"var(--ast-global-color-4)","background-image":"","background-repeat":"repeat","background-position":"center center","background-size":"auto","background-attachment":"scroll","background-type":"","background-media":"","overlay-type":"","overlay-color":"","overlay-opacity":"","overlay-gradient":""},"mobile":{"background-color":"var(--ast-global-color-4)","background-image":"","background-repeat":"repeat","background-position":"center center","background-size":"auto","background-attachment":"scroll","background-type":"","background-media":"","overlay-type":"","overlay-color":"","overlay-opacity":"","overlay-gradient":""}},"footnotes":""},"class_list":["post-1577","page","type-page","status-publish","hentry"],"_links":{"self":[{"href":"https:\/\/tdz.com\/es\/wp-json\/wp\/v2\/pages\/1577","targetHints":{"allow":["GET"]}}],"collection":[{"href":"https:\/\/tdz.com\/es\/wp-json\/wp\/v2\/pages"}],"about":[{"href":"https:\/\/tdz.com\/es\/wp-json\/wp\/v2\/types\/page"}],"author":[{"embeddable":true,"href":"https:\/\/tdz.com\/es\/wp-json\/wp\/v2\/users\/1"}],"replies":[{"embeddable":true,"href":"https:\/\/tdz.com\/es\/wp-json\/wp\/v2\/comments?post=1577"}],"version-history":[{"count":148,"href":"https:\/\/tdz.com\/es\/wp-json\/wp\/v2\/pages\/1577\/revisions"}],"predecessor-version":[{"id":4341,"href":"https:\/\/tdz.com\/es\/wp-json\/wp\/v2\/pages\/1577\/revisions\/4341"}],"wp:attachment":[{"href":"https:\/\/tdz.com\/es\/wp-json\/wp\/v2\/media?parent=1577"}],"curies":[{"name":"wp","href":"https:\/\/api.w.org\/{rel}","templated":true}]}}